{"id":5252,"date":"2025-01-03T16:03:06","date_gmt":"2025-01-03T16:03:06","guid":{"rendered":"https:\/\/numerati.tech\/teste\/?page_id=5252"},"modified":"2025-01-06T00:04:42","modified_gmt":"2025-01-06T00:04:42","slug":"upload","status":"publish","type":"page","link":"https:\/\/numerati.tech\/teste\/upload\/","title":{"rendered":"Upload Extrato"},"content":{"rendered":"\t\t<div data-elementor-type=\"wp-page\" data-elementor-id=\"5252\" class=\"elementor elementor-5252\" data-elementor-post-type=\"page\">\n\t\t\t\t<div class=\"elementor-element elementor-element-21003bb8 stax-condition-yes stax-user_role_enabled-yes stax-woocommerce_users_enabled-yes e-flex e-con-boxed stax-geo_location_enabled-error stax-edd_users_enabled-error e-con e-parent\" data-id=\"21003bb8\" data-element_type=\"container\" data-settings=\"{&quot;background_background&quot;:&quot;classic&quot;}\">\r\n\t\t\t\t\t<div class=\"e-con-inner\">\r\n\t\t<div class=\"elementor-element elementor-element-b60ff85 e-con-full e-flex e-con e-child\" data-id=\"b60ff85\" data-element_type=\"container\">\r\n\t\t\t\t<div class=\"elementor-element elementor-element-4e970606 elementor-widget elementor-widget-image\" data-id=\"4e970606\" data-element_type=\"widget\" data-widget_type=\"image.default\">\n\t\t\t\t<div class=\"elementor-widget-container\">\n\t\t\t\t\t\t\t\t\t\t\t\t\t<img fetchpriority=\"high\" decoding=\"async\" width=\"2083\" height=\"1592\" src=\"https:\/\/numerati.tech\/teste\/wp-content\/uploads\/2025\/01\/mascote-noah-2-1.png\" class=\"attachment-full size-full wp-image-5532\" alt=\"\" srcset=\"https:\/\/numerati.tech\/teste\/wp-content\/uploads\/2025\/01\/mascote-noah-2-1.png 2083w, https:\/\/numerati.tech\/teste\/wp-content\/uploads\/2025\/01\/mascote-noah-2-1-1024x783.png 1024w, https:\/\/numerati.tech\/teste\/wp-content\/uploads\/2025\/01\/mascote-noah-2-1-768x587.png 768w, https:\/\/numerati.tech\/teste\/wp-content\/uploads\/2025\/01\/mascote-noah-2-1-1536x1174.png 1536w, https:\/\/numerati.tech\/teste\/wp-content\/uploads\/2025\/01\/mascote-noah-2-1-2048x1565.png 2048w, https:\/\/numerati.tech\/teste\/wp-content\/uploads\/2025\/01\/mascote-noah-2-1-640x489.png 640w, https:\/\/numerati.tech\/teste\/wp-content\/uploads\/2025\/01\/mascote-noah-2-1-400x306.png 400w, https:\/\/numerati.tech\/teste\/wp-content\/uploads\/2025\/01\/mascote-noah-2-1-600x459.png 600w\" sizes=\"(max-width: 2083px) 100vw, 2083px\" \/>\t\t\t\t\t\t\t\t\t\t\t\t\t<\/div>\n\t\t\t\t<\/div>\n\t\t\t\t<\/div>\n\t\t<div class=\"elementor-element elementor-element-3d25cd67 e-con-full e-flex e-con e-child\" data-id=\"3d25cd67\" data-element_type=\"container\">\r\n\t\t\t\t<div class=\"elementor-element elementor-element-11a64a33 elementor-widget-tablet__width-inherit elementor-invisible elementor-widget elementor-widget-heading\" data-id=\"11a64a33\" data-element_type=\"widget\" data-settings=\"{&quot;_animation&quot;:&quot;fadeIn&quot;}\" data-widget_type=\"heading.default\">\n\t\t\t\t<div class=\"elementor-widget-container\">\n\t\t\t<h2 class=\"elementor-heading-title elementor-size-default\">Ainda n\u00e3o tem um plano?<\/h2>\t\t<\/div>\n\t\t\t\t<\/div>\n\t\t<div class=\"elementor-element elementor-element-5635bc60 e-con-full e-flex e-con e-child\" data-id=\"5635bc60\" data-element_type=\"container\">\r\n\t\t\t\t<div class=\"elementor-element elementor-element-78ae59fb elementor-widget-tablet__width-initial elementor-widget-mobile__width-inherit elementor-widget elementor-widget-text-editor\" data-id=\"78ae59fb\" data-element_type=\"widget\" data-widget_type=\"text-editor.default\">\n\t\t\t\t<div class=\"elementor-widget-container\">\n\t\t\t\t\t\t\tConhe\u00e7a nos planos e solu\u00e7\u00f5es para o seu neg\u00f3cio, atendemos diversas \u00e1reas do mercado, dentre elas algumas est\u00e3o abaixo, se tem interesse fa\u00e7a a assinatura de um plano ou entre em contato para saber mais.\t\t\t\t\t\t<\/div>\n\t\t\t\t<\/div>\n\t\t\t\t<div class=\"elementor-element elementor-element-407918d4 elementor-widget-tablet__width-initial elementor-widget-mobile__width-initial elementor-icon-list--layout-traditional elementor-list-item-link-full_width elementor-widget elementor-widget-icon-list\" data-id=\"407918d4\" data-element_type=\"widget\" data-widget_type=\"icon-list.default\">\n\t\t\t\t<div class=\"elementor-widget-container\">\n\t\t\t\t\t<ul class=\"elementor-icon-list-items\">\n\t\t\t\t\t\t\t<li class=\"elementor-icon-list-item\">\n\t\t\t\t\t\t\t\t\t\t\t<span class=\"elementor-icon-list-icon\">\n\t\t\t\t\t\t\t<svg aria-hidden=\"true\" class=\"e-font-icon-svg e-fas-square-full\" viewBox=\"0 0 512 512\" xmlns=\"http:\/\/www.w3.org\/2000\/svg\"><path d=\"M512 512H0V0h512v512z\"><\/path><\/svg>\t\t\t\t\t\t<\/span>\n\t\t\t\t\t\t\t\t\t\t<span class=\"elementor-icon-list-text\">Varejo<\/span>\n\t\t\t\t\t\t\t\t\t<\/li>\n\t\t\t\t\t\t\t\t<li class=\"elementor-icon-list-item\">\n\t\t\t\t\t\t\t\t\t\t\t<span class=\"elementor-icon-list-icon\">\n\t\t\t\t\t\t\t<svg aria-hidden=\"true\" class=\"e-font-icon-svg e-fas-square-full\" viewBox=\"0 0 512 512\" xmlns=\"http:\/\/www.w3.org\/2000\/svg\"><path d=\"M512 512H0V0h512v512z\"><\/path><\/svg>\t\t\t\t\t\t<\/span>\n\t\t\t\t\t\t\t\t\t\t<span class=\"elementor-icon-list-text\">Health<\/span>\n\t\t\t\t\t\t\t\t\t<\/li>\n\t\t\t\t\t\t\t\t<li class=\"elementor-icon-list-item\">\n\t\t\t\t\t\t\t\t\t\t\t<span class=\"elementor-icon-list-icon\">\n\t\t\t\t\t\t\t<svg aria-hidden=\"true\" class=\"e-font-icon-svg e-fas-square-full\" viewBox=\"0 0 512 512\" xmlns=\"http:\/\/www.w3.org\/2000\/svg\"><path d=\"M512 512H0V0h512v512z\"><\/path><\/svg>\t\t\t\t\t\t<\/span>\n\t\t\t\t\t\t\t\t\t\t<span class=\"elementor-icon-list-text\">Food Service<\/span>\n\t\t\t\t\t\t\t\t\t<\/li>\n\t\t\t\t\t\t\t\t<li class=\"elementor-icon-list-item\">\n\t\t\t\t\t\t\t\t\t\t\t<span class=\"elementor-icon-list-icon\">\n\t\t\t\t\t\t\t<svg aria-hidden=\"true\" class=\"e-font-icon-svg e-fas-square-full\" viewBox=\"0 0 512 512\" xmlns=\"http:\/\/www.w3.org\/2000\/svg\"><path d=\"M512 512H0V0h512v512z\"><\/path><\/svg>\t\t\t\t\t\t<\/span>\n\t\t\t\t\t\t\t\t\t\t<span class=\"elementor-icon-list-text\">Risco de Cr\u00e9dito<\/span>\n\t\t\t\t\t\t\t\t\t<\/li>\n\t\t\t\t\t\t\t\t<li class=\"elementor-icon-list-item\">\n\t\t\t\t\t\t\t\t\t\t\t<span class=\"elementor-icon-list-icon\">\n\t\t\t\t\t\t\t<svg aria-hidden=\"true\" class=\"e-font-icon-svg e-fas-square-full\" viewBox=\"0 0 512 512\" xmlns=\"http:\/\/www.w3.org\/2000\/svg\"><path d=\"M512 512H0V0h512v512z\"><\/path><\/svg>\t\t\t\t\t\t<\/span>\n\t\t\t\t\t\t\t\t\t\t<span class=\"elementor-icon-list-text\">Finance<\/span>\n\t\t\t\t\t\t\t\t\t<\/li>\n\t\t\t\t\t\t<\/ul>\n\t\t\t\t<\/div>\n\t\t\t\t<\/div>\n\t\t\t\t<div class=\"elementor-element elementor-element-0ffa0b3 elementor-widget elementor-widget-button\" data-id=\"0ffa0b3\" data-element_type=\"widget\" data-widget_type=\"button.default\">\n\t\t\t\t<div class=\"elementor-widget-container\">\n\t\t\t\t\t\t\t<div class=\"elementor-button-wrapper\">\n\t\t\t\t\t<a class=\"elementor-button elementor-button-link elementor-size-sm\" href=\"\/#planos\">\n\t\t\t\t\t\t<span class=\"elementor-button-content-wrapper\">\n\t\t\t\t\t\t\t\t\t<span class=\"elementor-button-text\">Ver Planos<\/span>\n\t\t\t\t\t<\/span>\n\t\t\t\t\t<\/a>\n\t\t\t\t<\/div>\n\t\t\t\t\t\t<\/div>\n\t\t\t\t<\/div>\n\t\t\t\t<\/div>\n\t\t\t\t<\/div>\n\t\t\t\t\t<\/div>\n\t\t\t\t<\/div>\n\t\t\t\t<\/div>\n\t\t","protected":false},"excerpt":{"rendered":"<p>Ative o JavaScript no seu navegador para preencher este formul\u00e1rio.Ative o JavaScript no seu navegador para preencher este formul\u00e1rio.Envie Seu Extrato * Clique ou arraste os arquivos para esta \u00e1rea para fazer upload. Voc\u00ea pode enviar at\u00e9 50 arquivos. Envie seus Extratos Enviar Ainda n\u00e3o tem um plano? Conhe\u00e7a nos planos e solu\u00e7\u00f5es para o [&hellip;]<\/p>\n","protected":false},"author":1,"featured_media":0,"parent":0,"menu_order":0,"comment_status":"closed","ping_status":"closed","template":"","meta":{"_joinchat":[],"footnotes":""},"class_list":["post-5252","page","type-page","status-publish","hentry"],"_links":{"self":[{"href":"https:\/\/numerati.tech\/teste\/wp-json\/wp\/v2\/pages\/5252","targetHints":{"allow":["GET"]}}],"collection":[{"href":"https:\/\/numerati.tech\/teste\/wp-json\/wp\/v2\/pages"}],"about":[{"href":"https:\/\/numerati.tech\/teste\/wp-json\/wp\/v2\/types\/page"}],"author":[{"embeddable":true,"href":"https:\/\/numerati.tech\/teste\/wp-json\/wp\/v2\/users\/1"}],"replies":[{"embeddable":true,"href":"https:\/\/numerati.tech\/teste\/wp-json\/wp\/v2\/comments?post=5252"}],"version-history":[{"count":73,"href":"https:\/\/numerati.tech\/teste\/wp-json\/wp\/v2\/pages\/5252\/revisions"}],"predecessor-version":[{"id":5558,"href":"https:\/\/numerati.tech\/teste\/wp-json\/wp\/v2\/pages\/5252\/revisions\/5558"}],"wp:attachment":[{"href":"https:\/\/numerati.tech\/teste\/wp-json\/wp\/v2\/media?parent=5252"}],"curies":[{"name":"wp","href":"https:\/\/api.w.org\/{rel}","templated":true}]}}